{"id":3237,"date":"2024-11-11T14:13:40","date_gmt":"2024-11-11T13:13:40","guid":{"rendered":"https:\/\/www.aguaking.pt\/sobre-nos\/"},"modified":"2025-06-13T10:43:55","modified_gmt":"2025-06-13T09:43:55","slug":"sobre-nos","status":"publish","type":"page","link":"https:\/\/www.aguaking.pt\/pt-pt\/sobre-nos\/","title":{"rendered":"Sobre n\u00f3s"},"content":{"rendered":"\t\t<div data-elementor-type=\"wp-page\" data-elementor-id=\"3237\" class=\"elementor elementor-3237 elementor-2073\" data-elementor-post-type=\"page\">\n\t\t\t\t\t\t<section class=\"elementor-section elementor-top-section elementor-element elementor-element-3dce358 elementor-section-boxed elementor-section-height-default elementor-section-height-default elementor-invisible\" data-id=\"3dce358\" data-element_type=\"section\" data-e-type=\"section\" data-settings=\"{&quot;background_background&quot;:&quot;classic&quot;,&quot;animation&quot;:&quot;fadeIn&quot;}\">\n\t\t\t\t\t\t\t<div class=\"elementor-background-overlay\"><\/div>\n\t\t\t\t\t\t\t<div class=\"elementor-container elementor-column-gap-default\">\n\t\t\t\t\t<div class=\"elementor-column elementor-col-100 elementor-top-column elementor-element elementor-element-36657fa\" data-id=\"36657fa\" data-element_type=\"column\" data-e-type=\"column\" data-settings=\"{&quot;background_background&quot;:&quot;classic&quot;}\">\n\t\t\t<div class=\"elementor-widget-wrap elementor-element-populated\">\n\t\t\t\t\t\t<div class=\"elementor-element elementor-element-145a463 elementor-widget elementor-widget-heading\" data-id=\"145a463\" data-element_type=\"widget\" data-e-type=\"widget\" data-widget_type=\"heading.default\">\n\t\t\t\t<div class=\"elementor-widget-container\">\n\t\t\t\t\t<h2 class=\"elementor-heading-title elementor-size-default\">O brilho da Calif\u00f3rnia<\/h2>\t\t\t\t<\/div>\n\t\t\t\t<\/div>\n\t\t\t\t<div class=\"elementor-element elementor-element-5defcc7 elementor-widget elementor-widget-heading\" data-id=\"5defcc7\" data-element_type=\"widget\" data-e-type=\"widget\" data-widget_type=\"heading.default\">\n\t\t\t\t<div class=\"elementor-widget-container\">\n\t\t\t\t\t<h2 class=\"elementor-heading-title elementor-size-default\">Agora dispon\u00edvel no Algarve<\/h2>\t\t\t\t<\/div>\n\t\t\t\t<\/div>\n\t\t\t\t\t<\/div>\n\t\t<\/div>\n\t\t\t\t\t<\/div>\n\t\t<\/section>\n\t\t\t\t<section class=\"elementor-section elementor-top-section elementor-element elementor-element-7006337 elementor-section-boxed elementor-section-height-default elementor-section-height-default elementor-invisible\" data-id=\"7006337\" data-element_type=\"section\" data-e-type=\"section\" data-settings=\"{&quot;background_background&quot;:&quot;classic&quot;,&quot;animation&quot;:&quot;fadeInUp&quot;}\">\n\t\t\t\t\t\t\t<div class=\"elementor-background-overlay\"><\/div>\n\t\t\t\t\t\t\t<div class=\"elementor-container elementor-column-gap-default\">\n\t\t\t\t\t<div class=\"elementor-column elementor-col-100 elementor-top-column elementor-element elementor-element-8708745\" data-id=\"8708745\" data-element_type=\"column\" data-e-type=\"column\" data-settings=\"{&quot;background_background&quot;:&quot;classic&quot;}\">\n\t\t\t<div class=\"elementor-widget-wrap elementor-element-populated\">\n\t\t\t\t\t\t<div class=\"elementor-element elementor-element-cf0a527 elementor-widget elementor-widget-text-editor\" data-id=\"cf0a527\" data-element_type=\"widget\" data-e-type=\"widget\" data-widget_type=\"text-editor.default\">\n\t\t\t\t<div class=\"elementor-widget-container\">\n\t\t\t\t\t\t\t\t\t<div class=\"page\" title=\"P\u00e1gina 1\"><div class=\"layoutArea\"><div class=\"column\"><div class=\"page\" title=\"P\u00e1gina 1\"><div class=\"layoutArea\"><div class=\"column\"><div class=\"page\" title=\"P\u00e1gina 6\"><div class=\"section\"><div class=\"layoutArea\"><div class=\"column\"><p>O \u00c1guaKing \u00e9 o descalcificador de \u00e1gua eletr\u00f3nico mais avan\u00e7ado do mundo e est\u00e1 agora aqui no Algarve. Trata-se de uma jornada de 30 anos que teve in\u00edcio na Calif\u00f3rnia e se estendeu aos Estados Unidos e ao Reino Unido.<\/p><p>Durante este per\u00edodo, torn\u00e1mo-nos o \u00fanico descalcificador de \u00e1gua deste tipo a receber certifica\u00e7\u00e3o de desempenho independente de terceiros nos EUA e o \u00fanico cujas alega\u00e7\u00f5es de produto foram aprovadas pelas autoridades governamentais e comerciais dos EUA e do Reino Unido.<\/p><p>A Calif\u00f3rnia foi, inevitavelmente, o local onde a nossa hist\u00f3ria teve in\u00edcio. N\u00e3o \u00e9 apenas a capital mundial das piscinas, \u00e9 tamb\u00e9m a capital da \u00e1gua calc\u00e1ria. Foi aqui que o \u00c1guaKing foi inventado e fabricado pela primeira vez e provou que podia resolver o problema da \u00e1gua calc\u00e1ria como nenhum outro descalcificador.<\/p><p>Agora estamos aqui no Algarve para livrar casas, piscinas e jardins do calc\u00e1rio. Acabaram-se os canos de aquecimento, chuveiros ou bicos de jardim entupidos e bloqueados. Chega de \u00e1gua turva na piscina ou calc\u00e1rio colado aos azulejos.<\/p><p>Cri\u00e1mos uma gama completa, com modelos espec\u00edficos para piscina e jardim residencial; consoante a sua \u00e1gua provenha de fonte municipal ou de furo; e se \u00e9 aquecida a g\u00e1s ou a eletricidade.<\/p><p>E embora tenhamos trabalhado continuamente para atualizar os nossos produtos, fizemos tudo o que pod\u00edamos para tornar o que h\u00e1 de mais avan\u00e7ado no setor no mais simples. Sem cortes invasivos de tubos, sem instala\u00e7\u00e3o complicada, sem produtos qu\u00edmicos, sem manuten\u00e7\u00e3o. Para que gaste menos (dinheiro e tempo) a cuidar da sua casa, da sua piscina e do seu jardim.<\/p><p>Boas raz\u00f5es, esperamos que concorde, para virmos ao Algarve.<\/p><p><strong>\u00c1gua Calc\u00e1ria. Um problema dif\u00edcil resolvido.<\/strong><\/p><\/div><\/div><\/div><\/div><\/div><\/div><\/div><\/div><\/div><\/div>\t\t\t\t\t\t\t\t<\/div>\n\t\t\t\t<\/div>\n\t\t\t\t\t<\/div>\n\t\t<\/div>\n\t\t\t\t\t<\/div>\n\t\t<\/section>\n\t\t\t\t<\/div>\n\t\t","protected":false},"excerpt":{"rendered":"<p>O brilho da Calif\u00f3rnia Agora dispon\u00edvel no Algarve O \u00c1guaKing \u00e9 o descalcificador de \u00e1gua eletr\u00f3nico mais avan\u00e7ado do mundo e est\u00e1 agora aqui no Algarve. Trata-se de uma jornada de 30 anos que teve in\u00edcio na Calif\u00f3rnia e se estendeu aos Estados Unidos e ao Reino Unido. Durante este per\u00edodo, torn\u00e1mo-nos o \u00fanico descalcificador [&hellip;]<\/p>\n","protected":false},"author":1,"featured_media":0,"parent":0,"menu_order":0,"comment_status":"closed","ping_status":"closed","template":"elementor_header_footer","meta":{"footnotes":""},"class_list":["post-3237","page","type-page","status-publish","hentry"],"_links":{"self":[{"href":"https:\/\/www.aguaking.pt\/pt-pt\/wp-json\/wp\/v2\/pages\/3237","targetHints":{"allow":["GET"]}}],"collection":[{"href":"https:\/\/www.aguaking.pt\/pt-pt\/wp-json\/wp\/v2\/pages"}],"about":[{"href":"https:\/\/www.aguaking.pt\/pt-pt\/wp-json\/wp\/v2\/types\/page"}],"author":[{"embeddable":true,"href":"https:\/\/www.aguaking.pt\/pt-pt\/wp-json\/wp\/v2\/users\/1"}],"replies":[{"embeddable":true,"href":"https:\/\/www.aguaking.pt\/pt-pt\/wp-json\/wp\/v2\/comments?post=3237"}],"version-history":[{"count":8,"href":"https:\/\/www.aguaking.pt\/pt-pt\/wp-json\/wp\/v2\/pages\/3237\/revisions"}],"predecessor-version":[{"id":3697,"href":"https:\/\/www.aguaking.pt\/pt-pt\/wp-json\/wp\/v2\/pages\/3237\/revisions\/3697"}],"wp:attachment":[{"href":"https:\/\/www.aguaking.pt\/pt-pt\/wp-json\/wp\/v2\/media?parent=3237"}],"curies":[{"name":"wp","href":"https:\/\/api.w.org\/{rel}","templated":true}]}}