{"id":3265,"date":"2024-09-30T15:32:08","date_gmt":"2024-09-30T14:32:08","guid":{"rendered":"https:\/\/www.aguaking.pt\/como-funciona\/"},"modified":"2025-06-16T10:40:05","modified_gmt":"2025-06-16T09:40:05","slug":"como-funciona","status":"publish","type":"page","link":"https:\/\/www.aguaking.pt\/pt-pt\/como-funciona\/","title":{"rendered":"Como Funciona"},"content":{"rendered":"\t\t<div data-elementor-type=\"wp-page\" data-elementor-id=\"3265\" class=\"elementor elementor-3265 elementor-61\" data-elementor-post-type=\"page\">\n\t\t\t\t\t\t<section class=\"elementor-section elementor-top-section elementor-element elementor-element-fd04070 elementor-section-content-middle elementor-section-boxed elementor-section-height-default elementor-section-height-default\" data-id=\"fd04070\" data-element_type=\"section\" data-e-type=\"section\">\n\t\t\t\t\t\t<div class=\"elementor-container elementor-column-gap-default\">\n\t\t\t\t\t<div class=\"elementor-column elementor-col-50 elementor-top-column elementor-element elementor-element-f4f7857 animated-slow\" data-id=\"f4f7857\" data-element_type=\"column\" data-e-type=\"column\" data-settings=\"{&quot;background_background&quot;:&quot;classic&quot;,&quot;animation&quot;:&quot;none&quot;}\">\n\t\t\t<div class=\"elementor-widget-wrap elementor-element-populated\">\n\t\t\t\t\t\t<section class=\"elementor-section elementor-inner-section elementor-element elementor-element-f0d41df elementor-section-boxed elementor-section-height-default elementor-section-height-default elementor-invisible\" data-id=\"f0d41df\" data-element_type=\"section\" data-e-type=\"section\" data-settings=\"{&quot;animation&quot;:&quot;fadeInLeft&quot;}\">\n\t\t\t\t\t\t<div class=\"elementor-container elementor-column-gap-no\">\n\t\t\t\t\t<div class=\"elementor-column elementor-col-50 elementor-inner-column elementor-element elementor-element-002e800\" data-id=\"002e800\" data-element_type=\"column\" data-e-type=\"column\" data-settings=\"{&quot;background_background&quot;:&quot;classic&quot;}\">\n\t\t\t<div class=\"elementor-widget-wrap elementor-element-populated\">\n\t\t\t\t\t<div class=\"elementor-background-overlay\"><\/div>\n\t\t\t\t\t\t<div class=\"elementor-element elementor-element-226895a elementor-widget elementor-widget-image\" data-id=\"226895a\" data-element_type=\"widget\" data-e-type=\"widget\" data-widget_type=\"image.default\">\n\t\t\t\t<div class=\"elementor-widget-container\">\n\t\t\t\t\t\t\t\t\t\t\t\t\t\t\t<img fetchpriority=\"high\" decoding=\"async\" width=\"600\" height=\"600\" src=\"https:\/\/www.aguaking.pt\/wp-content\/uploads\/Shower_Antes_Circles_5_600x600.png\" class=\"attachment-large size-large wp-image-3430\" alt=\"\" srcset=\"https:\/\/www.aguaking.pt\/wp-content\/uploads\/Shower_Antes_Circles_5_600x600.png 600w, https:\/\/www.aguaking.pt\/wp-content\/uploads\/Shower_Antes_Circles_5_600x600-300x300.png 300w, https:\/\/www.aguaking.pt\/wp-content\/uploads\/Shower_Antes_Circles_5_600x600-150x150.png 150w, https:\/\/www.aguaking.pt\/wp-content\/uploads\/Shower_Antes_Circles_5_600x600-100x100.png 100w\" sizes=\"(max-width: 600px) 100vw, 600px\" \/>\t\t\t\t\t\t\t\t\t\t\t\t\t\t\t<\/div>\n\t\t\t\t<\/div>\n\t\t\t\t\t<\/div>\n\t\t<\/div>\n\t\t\t\t<div class=\"elementor-column elementor-col-50 elementor-inner-column elementor-element elementor-element-adbb5d1\" data-id=\"adbb5d1\" data-element_type=\"column\" data-e-type=\"column\" data-settings=\"{&quot;background_background&quot;:&quot;classic&quot;}\">\n\t\t\t<div class=\"elementor-widget-wrap elementor-element-populated\">\n\t\t\t\t\t<div class=\"elementor-background-overlay\"><\/div>\n\t\t\t\t\t\t<div class=\"elementor-element elementor-element-315ad37 elementor-widget elementor-widget-image\" data-id=\"315ad37\" data-element_type=\"widget\" data-e-type=\"widget\" data-widget_type=\"image.default\">\n\t\t\t\t<div class=\"elementor-widget-container\">\n\t\t\t\t\t\t\t\t\t\t\t\t\t\t\t<img decoding=\"async\" width=\"600\" height=\"600\" src=\"https:\/\/www.aguaking.pt\/wp-content\/uploads\/Shower_Depois_Circles_5_600x600.png\" class=\"attachment-large size-large wp-image-3424\" alt=\"\" srcset=\"https:\/\/www.aguaking.pt\/wp-content\/uploads\/Shower_Depois_Circles_5_600x600.png 600w, https:\/\/www.aguaking.pt\/wp-content\/uploads\/Shower_Depois_Circles_5_600x600-300x300.png 300w, https:\/\/www.aguaking.pt\/wp-content\/uploads\/Shower_Depois_Circles_5_600x600-150x150.png 150w, https:\/\/www.aguaking.pt\/wp-content\/uploads\/Shower_Depois_Circles_5_600x600-100x100.png 100w\" sizes=\"(max-width: 600px) 100vw, 600px\" \/>\t\t\t\t\t\t\t\t\t\t\t\t\t\t\t<\/div>\n\t\t\t\t<\/div>\n\t\t\t\t\t<\/div>\n\t\t<\/div>\n\t\t\t\t\t<\/div>\n\t\t<\/section>\n\t\t\t\t<section class=\"elementor-section elementor-inner-section elementor-element elementor-element-a1d5587 elementor-section-boxed elementor-section-height-default elementor-section-height-default elementor-invisible\" data-id=\"a1d5587\" data-element_type=\"section\" data-e-type=\"section\" data-settings=\"{&quot;animation&quot;:&quot;fadeInRight&quot;}\">\n\t\t\t\t\t\t<div class=\"elementor-container elementor-column-gap-no\">\n\t\t\t\t\t<div class=\"elementor-column elementor-col-50 elementor-inner-column elementor-element elementor-element-8e1ab63\" data-id=\"8e1ab63\" data-element_type=\"column\" data-e-type=\"column\" data-settings=\"{&quot;background_background&quot;:&quot;classic&quot;}\">\n\t\t\t<div class=\"elementor-widget-wrap elementor-element-populated\">\n\t\t\t\t\t<div class=\"elementor-background-overlay\"><\/div>\n\t\t\t\t\t\t<div class=\"elementor-element elementor-element-724e62b elementor-widget elementor-widget-image\" data-id=\"724e62b\" data-element_type=\"widget\" data-e-type=\"widget\" data-widget_type=\"image.default\">\n\t\t\t\t<div class=\"elementor-widget-container\">\n\t\t\t\t\t\t\t\t\t\t\t\t\t\t\t<img decoding=\"async\" width=\"600\" height=\"600\" src=\"https:\/\/www.aguaking.pt\/wp-content\/uploads\/Pool_Antes_Circles_5_600x600.png\" class=\"attachment-large size-large wp-image-3426\" alt=\"\" srcset=\"https:\/\/www.aguaking.pt\/wp-content\/uploads\/Pool_Antes_Circles_5_600x600.png 600w, https:\/\/www.aguaking.pt\/wp-content\/uploads\/Pool_Antes_Circles_5_600x600-300x300.png 300w, https:\/\/www.aguaking.pt\/wp-content\/uploads\/Pool_Antes_Circles_5_600x600-150x150.png 150w, https:\/\/www.aguaking.pt\/wp-content\/uploads\/Pool_Antes_Circles_5_600x600-100x100.png 100w\" sizes=\"(max-width: 600px) 100vw, 600px\" \/>\t\t\t\t\t\t\t\t\t\t\t\t\t\t\t<\/div>\n\t\t\t\t<\/div>\n\t\t\t\t\t<\/div>\n\t\t<\/div>\n\t\t\t\t<div class=\"elementor-column elementor-col-50 elementor-inner-column elementor-element elementor-element-a48f24b\" data-id=\"a48f24b\" data-element_type=\"column\" data-e-type=\"column\" data-settings=\"{&quot;background_background&quot;:&quot;classic&quot;}\">\n\t\t\t<div class=\"elementor-widget-wrap elementor-element-populated\">\n\t\t\t\t\t<div class=\"elementor-background-overlay\"><\/div>\n\t\t\t\t\t\t<div class=\"elementor-element elementor-element-c0c3cc2 elementor-widget elementor-widget-image\" data-id=\"c0c3cc2\" data-element_type=\"widget\" data-e-type=\"widget\" data-widget_type=\"image.default\">\n\t\t\t\t<div class=\"elementor-widget-container\">\n\t\t\t\t\t\t\t\t\t\t\t\t\t\t\t<img loading=\"lazy\" decoding=\"async\" width=\"600\" height=\"600\" src=\"https:\/\/www.aguaking.pt\/wp-content\/uploads\/Pool_Depois_Circles_5-600x600-1.png\" class=\"attachment-large size-large wp-image-3428\" alt=\"\" srcset=\"https:\/\/www.aguaking.pt\/wp-content\/uploads\/Pool_Depois_Circles_5-600x600-1.png 600w, https:\/\/www.aguaking.pt\/wp-content\/uploads\/Pool_Depois_Circles_5-600x600-1-300x300.png 300w, https:\/\/www.aguaking.pt\/wp-content\/uploads\/Pool_Depois_Circles_5-600x600-1-150x150.png 150w, https:\/\/www.aguaking.pt\/wp-content\/uploads\/Pool_Depois_Circles_5-600x600-1-100x100.png 100w\" sizes=\"(max-width: 600px) 100vw, 600px\" \/>\t\t\t\t\t\t\t\t\t\t\t\t\t\t\t<\/div>\n\t\t\t\t<\/div>\n\t\t\t\t\t<\/div>\n\t\t<\/div>\n\t\t\t\t\t<\/div>\n\t\t<\/section>\n\t\t\t\t\t<\/div>\n\t\t<\/div>\n\t\t\t\t<div class=\"elementor-column elementor-col-50 elementor-top-column elementor-element elementor-element-29b86e9 elementor-invisible\" data-id=\"29b86e9\" data-element_type=\"column\" data-e-type=\"column\" data-settings=\"{&quot;background_background&quot;:&quot;classic&quot;,&quot;animation&quot;:&quot;fadeInUp&quot;}\">\n\t\t\t<div class=\"elementor-widget-wrap elementor-element-populated\">\n\t\t\t\t\t\t<div class=\"elementor-element elementor-element-b246ceb elementor-widget elementor-widget-heading\" data-id=\"b246ceb\" data-element_type=\"widget\" data-e-type=\"widget\" data-widget_type=\"heading.default\">\n\t\t\t\t<div class=\"elementor-widget-container\">\n\t\t\t\t\t<h2 class=\"elementor-heading-title elementor-size-default\">Sim, funciona. Mas como? \n<\/h2>\t\t\t\t<\/div>\n\t\t\t\t<\/div>\n\t\t\t\t<div class=\"elementor-element elementor-element-122b271 elementor-widget elementor-widget-text-editor\" data-id=\"122b271\" data-element_type=\"widget\" data-e-type=\"widget\" data-widget_type=\"text-editor.default\">\n\t\t\t\t<div class=\"elementor-widget-container\">\n\t\t\t\t\t\t\t\t\t<div class=\"page\" title=\"P\u00e1gina 5\"><div class=\"section\"><div class=\"layoutArea\"><div class=\"column\"><p>Obviamente, h\u00e1 muita ci\u00eancia extremamente inteligente envolvida, mas vamos tentar explic\u00e1-la de forma simples para que um n\u00e3o-cientista possa compreender.<\/p><p>O calc\u00e1rio \u00e9 um problema porque adere \u00e0s superf\u00edcies de todos os seus aparelhos de \u00e1gua &#8211; n\u00e3o apenas nos chuveiros e torneiras que pode ver, mas tamb\u00e9m no interior dos tubos, bombas e aquecedores que n\u00e3o pode ver.<\/p><p>A \u00c1guaKing impede que isso aconte\u00e7a transmitindo pulsos de carga el\u00e9trica na \u00e1gua, que alteram as propriedades de certos minerais naturalmente presentes na \u00e1gua. Desta forma, o calc\u00e1rio adere aos minerais na \u00e1gua em vez de aderir \u00e0s superf\u00edcies dos seus aparelhos. O calc\u00e1rio pode ent\u00e3o ser inofensivamente arrastado pelo fluxo de \u00e1gua, em vez de aderir e obstruir o seu sistema de \u00e1gua.  <\/p><p>E, ao contr\u00e1rio de outros tipos de descalcificadores de \u00e1gua, os sinais el\u00e9tricos do \u00c1guaKing percorrem a \u00e1gua tanto a montante como a jusante da unidade, dispensando o fluxo direto da \u00e1gua. Isto significa que o \u00c1guaKing n\u00e3o s\u00f3 impede a forma\u00e7\u00e3o de calc\u00e1rio no seu sistema de \u00e1gua, como tamb\u00e9m pode descalcificar ativamente todas as partes do sistema que j\u00e1 estejam obstru\u00eddas com calc\u00e1rio. <\/p><\/div><\/div><\/div><\/div>\t\t\t\t\t\t\t\t<\/div>\n\t\t\t\t<\/div>\n\t\t\t\t\t<\/div>\n\t\t<\/div>\n\t\t\t\t\t<\/div>\n\t\t<\/section>\n\t\t\t\t<\/div>\n\t\t","protected":false},"excerpt":{"rendered":"<p>Sim, funciona. Mas como? Obviamente, h\u00e1 muita ci\u00eancia extremamente inteligente envolvida, mas vamos tentar explic\u00e1-la de forma simples para que um n\u00e3o-cientista possa compreender. O calc\u00e1rio \u00e9 um problema porque adere \u00e0s superf\u00edcies de todos os seus aparelhos de \u00e1gua &#8211; n\u00e3o apenas nos chuveiros e torneiras que pode ver, mas tamb\u00e9m no interior dos [&hellip;]<\/p>\n","protected":false},"author":1,"featured_media":0,"parent":0,"menu_order":0,"comment_status":"closed","ping_status":"closed","template":"elementor_header_footer","meta":{"footnotes":""},"class_list":["post-3265","page","type-page","status-publish","hentry"],"_links":{"self":[{"href":"https:\/\/www.aguaking.pt\/pt-pt\/wp-json\/wp\/v2\/pages\/3265","targetHints":{"allow":["GET"]}}],"collection":[{"href":"https:\/\/www.aguaking.pt\/pt-pt\/wp-json\/wp\/v2\/pages"}],"about":[{"href":"https:\/\/www.aguaking.pt\/pt-pt\/wp-json\/wp\/v2\/types\/page"}],"author":[{"embeddable":true,"href":"https:\/\/www.aguaking.pt\/pt-pt\/wp-json\/wp\/v2\/users\/1"}],"replies":[{"embeddable":true,"href":"https:\/\/www.aguaking.pt\/pt-pt\/wp-json\/wp\/v2\/comments?post=3265"}],"version-history":[{"count":8,"href":"https:\/\/www.aguaking.pt\/pt-pt\/wp-json\/wp\/v2\/pages\/3265\/revisions"}],"predecessor-version":[{"id":3703,"href":"https:\/\/www.aguaking.pt\/pt-pt\/wp-json\/wp\/v2\/pages\/3265\/revisions\/3703"}],"wp:attachment":[{"href":"https:\/\/www.aguaking.pt\/pt-pt\/wp-json\/wp\/v2\/media?parent=3265"}],"curies":[{"name":"wp","href":"https:\/\/api.w.org\/{rel}","templated":true}]}}