{"id":3269,"date":"2024-09-25T08:17:18","date_gmt":"2024-09-25T07:17:18","guid":{"rendered":"https:\/\/www.aguaking.pt\/politica-de-privacidade\/"},"modified":"2025-04-17T16:25:53","modified_gmt":"2025-04-17T15:25:53","slug":"politica-de-privacidade","status":"publish","type":"page","link":"https:\/\/www.aguaking.pt\/pt-pt\/politica-de-privacidade\/","title":{"rendered":"Pol\u00edtica de privacidade"},"content":{"rendered":"\t\t<div data-elementor-type=\"wp-page\" data-elementor-id=\"3269\" class=\"elementor elementor-3269 elementor-3\" data-elementor-post-type=\"page\">\n\t\t\t\t\t\t<section class=\"elementor-section elementor-top-section elementor-element elementor-element-9136f69 elementor-section-boxed elementor-section-height-default elementor-section-height-default elementor-invisible\" data-id=\"9136f69\" data-element_type=\"section\" data-e-type=\"section\" data-settings=\"{&quot;background_background&quot;:&quot;classic&quot;,&quot;animation&quot;:&quot;fadeInUp&quot;}\">\n\t\t\t\t\t\t\t<div class=\"elementor-background-overlay\"><\/div>\n\t\t\t\t\t\t\t<div class=\"elementor-container elementor-column-gap-default\">\n\t\t\t\t\t<div class=\"elementor-column elementor-col-100 elementor-top-column elementor-element elementor-element-bd2d546\" data-id=\"bd2d546\" data-element_type=\"column\" data-e-type=\"column\" data-settings=\"{&quot;background_background&quot;:&quot;classic&quot;}\">\n\t\t\t<div class=\"elementor-widget-wrap elementor-element-populated\">\n\t\t\t\t\t\t<div class=\"elementor-element elementor-element-89d0894 elementor-widget elementor-widget-heading\" data-id=\"89d0894\" data-element_type=\"widget\" data-e-type=\"widget\" data-widget_type=\"heading.default\">\n\t\t\t\t<div class=\"elementor-widget-container\">\n\t\t\t\t\t<h2 class=\"elementor-heading-title elementor-size-default\">Pol\u00edtica de privacidade<\/h2>\t\t\t\t<\/div>\n\t\t\t\t<\/div>\n\t\t\t\t<div class=\"elementor-element elementor-element-cb0ba7f elementor-widget elementor-widget-text-editor\" data-id=\"cb0ba7f\" data-element_type=\"widget\" data-e-type=\"widget\" data-widget_type=\"text-editor.default\">\n\t\t\t\t<div class=\"elementor-widget-container\">\n\t\t\t\t\t\t\t\t\t<div title=\"P\u00e1gina 1\"><div><div><div title=\"P\u00e1gina 1\"><div><div><p data-start=\"313\" data-end=\"414\">Este website \u00e9 operado pela <strong data-start=\"341\" data-end=\"355\">Banks, Lda<\/strong>, Portugal. <strong data-start=\"367\" data-end=\"413\">A \u00c1guaKing \u00e9 uma marca operada pela Banks, Lda.<\/strong><\/p><p data-start=\"416\" data-end=\"570\">Para efeitos da presente Pol\u00edtica de Privacidade, a <strong data-start=\"457\" data-end=\"471\">Banks, Lda<\/strong> \u00e9 a entidade respons\u00e1vel pelo tratamento dos dados e \u00e9 respons\u00e1vel pela recolha e tratamento dos seus dados pessoais.<\/p><hr data-start=\"572\" data-end=\"575\"><h3 data-start=\"577\" data-end=\"606\">1. Informa\u00e7\u00f5es que recolhemos<\/h3><p data-start=\"608\" data-end=\"663\">Podemos recolher e tratar os seguintes tipos de dados:<\/p><h4 data-start=\"665\" data-end=\"687\"><strong data-start=\"670\" data-end=\"687\">Dados Pessoais<\/strong><\/h4><p data-start=\"688\" data-end=\"791\">Ao utilizar este site, poder\u00e1 ser-lhe pedido que forne\u00e7a informa\u00e7\u00f5es de identifica\u00e7\u00e3o pessoal, tais como:<\/p><ul data-start=\"792\" data-end=\"850\"><li data-start=\"792\" data-end=\"798\"><p data-start=\"794\" data-end=\"798\">Nome<\/p><\/li><li data-start=\"799\" data-end=\"814\"><p data-start=\"801\" data-end=\"814\">Endere\u00e7o de e-mail<\/p><\/li><li data-start=\"815\" data-end=\"833\"><p data-start=\"817\" data-end=\"833\">N\u00famero de telefone<\/p><\/li><li data-start=\"834\" data-end=\"850\"><p data-start=\"836\" data-end=\"850\">Endere\u00e7o postal<\/p><\/li><\/ul><p data-start=\"852\" data-end=\"932\">Apenas recolhemos dados pessoais necess\u00e1rios para os fins descritos abaixo.<\/p><h4 data-start=\"934\" data-end=\"953\"><strong data-start=\"939\" data-end=\"953\">Dados de utiliza\u00e7\u00e3o<\/strong><\/h4><p data-start=\"954\" data-end=\"1040\">Podemos recolher informa\u00e7\u00f5es sobre como acede e utiliza o site. Isto pode incluir: <\/p><ul data-start=\"1041\" data-end=\"1188\"><li data-start=\"1041\" data-end=\"1058\"><p data-start=\"1043\" data-end=\"1058\">O seu endere\u00e7o IP<\/p><\/li><li data-start=\"1059\" data-end=\"1085\"><p data-start=\"1061\" data-end=\"1085\">Tipo e vers\u00e3o do browser<\/p><\/li><li data-start=\"1086\" data-end=\"1101\"><p data-start=\"1088\" data-end=\"1101\">P\u00e1ginas visitadas<\/p><\/li><li data-start=\"1102\" data-end=\"1131\"><p data-start=\"1104\" data-end=\"1131\">Hora e data da sua visita<\/p><\/li><li data-start=\"1132\" data-end=\"1153\"><p data-start=\"1134\" data-end=\"1153\">Tempo gasto nas p\u00e1ginas<\/p><\/li><li data-start=\"1154\" data-end=\"1188\"><p data-start=\"1156\" data-end=\"1188\">Tipo de dispositivo e sistema operativo<\/p><\/li><\/ul><h4 data-start=\"1190\" data-end=\"1232\"><strong data-start=\"1195\" data-end=\"1232\">Cookies e tecnologias de rastreio<\/strong><\/h4><p data-start=\"1233\" data-end=\"1411\">Utilizamos cookies e tecnologias de rastreio semelhantes para monitorizar a atividade e melhorar a experi\u00eancia do utilizador. Isto pode incluir cookies de sess\u00e3o, cookies de prefer\u00eancia e cookies de seguran\u00e7a. <\/p><p data-start=\"1413\" data-end=\"1595\"><strong data-start=\"1413\" data-end=\"1472\">O consentimento para os cookies \u00e9 obtido atrav\u00e9s de um banner de cookies<\/strong>, em conformidade com a Diretiva de Privacidade Eletr\u00f3nica e o RGPD. Pode ajustar as suas prefer\u00eancias ou retirar o seu consentimento a qualquer momento. <\/p><hr data-start=\"1597\" data-end=\"1600\"><h3 data-start=\"1602\" data-end=\"1635\">2. Base legal para o processamento<\/h3><p data-start=\"1637\" data-end=\"1719\">Tratamos os seus dados pessoais com base num ou mais dos seguintes fundamentos legais:<\/p><ul data-start=\"1720\" data-end=\"1915\"><li data-start=\"1720\" data-end=\"1738\"><p data-start=\"1722\" data-end=\"1738\">O seu <strong data-start=\"1727\" data-end=\"1738\">consentimento<\/strong><\/p><\/li><li data-start=\"1739\" data-end=\"1780\"><p data-start=\"1741\" data-end=\"1780\">A necessidade de executar um <strong data-start=\"1768\" data-end=\"1780\">contrato<\/strong><\/p><\/li><li data-start=\"1781\" data-end=\"1821\"><p data-start=\"1783\" data-end=\"1821\">Cumprimento de uma <strong data-start=\"1801\" data-end=\"1821\">obriga\u00e7\u00e3o legal<\/strong><\/p><\/li><li data-start=\"1822\" data-end=\"1915\"><p data-start=\"1824\" data-end=\"1915\">Os nossos <strong data-start=\"1828\" data-end=\"1852\">interesses leg\u00edtimos<\/strong>, desde que n\u00e3o sejam anulados pelos seus direitos e liberdades<\/p><\/li><\/ul><hr data-start=\"1917\" data-end=\"1920\"><h3 data-start=\"1922\" data-end=\"1949\">3. Como usamos os seus dados<\/h3><p data-start=\"1951\" data-end=\"1995\">Utilizamos os seus dados para os seguintes fins:<\/p><ul data-start=\"1996\" data-end=\"2284\"><li data-start=\"1996\" data-end=\"2033\"><p data-start=\"1998\" data-end=\"2033\">Para operar e manter o site<\/p><\/li><li data-start=\"2034\" data-end=\"2074\"><p data-start=\"2036\" data-end=\"2074\">Para responder \u00e0s suas perguntas ou pedidos<\/p><\/li><li data-start=\"2075\" data-end=\"2131\"><p data-start=\"2077\" data-end=\"2131\">Para o notificar sobre altera\u00e7\u00f5es no site ou nos servi\u00e7os<\/p><\/li><li data-start=\"2132\" data-end=\"2185\"><p data-start=\"2134\" data-end=\"2185\">Para permitir que participe em recursos interativos<\/p><\/li><li data-start=\"2186\" data-end=\"2215\"><p data-start=\"2188\" data-end=\"2215\">Para fornecer suporte ao cliente<\/p><\/li><li data-start=\"2216\" data-end=\"2284\"><p data-start=\"2218\" data-end=\"2284\">Para analisar a utiliza\u00e7\u00e3o e melhorar o desempenho e o conte\u00fado do site<\/p><\/li><\/ul><hr data-start=\"2286\" data-end=\"2289\"><h3 data-start=\"2291\" data-end=\"2324\">4. Partilha e Transfer\u00eancias de Dados<\/h3><p data-start=\"2326\" data-end=\"2360\">N\u00e3o vendemos os seus dados pessoais.<\/p><p data-start=\"2362\" data-end=\"2529\">Podemos partilhar os seus dados com fornecedores de servi\u00e7os de confian\u00e7a que nos ajudam a operar o website ou a fornecer servi\u00e7os em nosso nome, sujeitos a obriga\u00e7\u00f5es rigorosas de prote\u00e7\u00e3o de dados.<\/p><p data-start=\"2531\" data-end=\"2730\">Se forem transferidos dados pessoais para fora do Espa\u00e7o Econ\u00f3mico Europeu (EEE), asseguraremos que est\u00e3o em vigor salvaguardas adequadas, tais como Cl\u00e1usulas Contratuais-Tipo aprovadas pela Comiss\u00e3o Europeia.<\/p><hr data-start=\"2732\" data-end=\"2735\"><h3 data-start=\"2737\" data-end=\"2758\">5. Reten\u00e7\u00e3o de dados<\/h3><p data-start=\"2760\" data-end=\"2935\">Conservamos os dados pessoais apenas durante o tempo necess\u00e1rio para cumprir as finalidades para as quais foram recolhidos, incluindo para cumprir quaisquer requisitos legais, contabil\u00edsticos ou de comunica\u00e7\u00e3o.<\/p><hr data-start=\"2937\" data-end=\"2940\"><h3 data-start=\"2942\" data-end=\"2960\">6. Os seus direitos<\/h3><p data-start=\"2962\" data-end=\"3000\">De acordo com o RGPD, tem o direito de:<\/p><ul data-start=\"3001\" data-end=\"3338\"><li data-start=\"3001\" data-end=\"3045\"><p data-start=\"3003\" data-end=\"3045\">Aceda aos dados pessoais que temos sobre si<\/p><\/li><li data-start=\"3046\" data-end=\"3099\"><p data-start=\"3048\" data-end=\"3099\">Solicitar corre\u00e7\u00e3o de dados imprecisos ou incompletos<\/p><\/li><li data-start=\"3100\" data-end=\"3156\"><p data-start=\"3102\" data-end=\"3156\">Solicitar a elimina\u00e7\u00e3o dos seus dados (&#8220;direito a ser esquecido&#8221;)<\/p><\/li><li data-start=\"3157\" data-end=\"3208\"><p data-start=\"3159\" data-end=\"3208\">Restringir ou opor-se ao tratamento dos seus dados<\/p><\/li><li data-start=\"3209\" data-end=\"3235\"><p data-start=\"3211\" data-end=\"3235\">Solicitar portabilidade de dados<\/p><\/li><li data-start=\"3236\" data-end=\"3289\"><p data-start=\"3238\" data-end=\"3289\">Retirar o seu consentimento a qualquer momento, quando aplic\u00e1vel<\/p><\/li><li data-start=\"3290\" data-end=\"3338\"><p data-start=\"3292\" data-end=\"3338\">Apresentar uma queixa a uma autoridade de supervis\u00e3o<\/p><\/li><\/ul><p data-start=\"3340\" data-end=\"3433\">Em Portugal, a autoridade competente \u00e9 a <strong data-start=\"3383\" data-end=\"3432\">Comiss\u00e3o Nacional de Prote\u00e7\u00e3o de Dados (CNPD).<\/strong><\/p><hr data-start=\"3435\" data-end=\"3438\"><h3 data-start=\"3440\" data-end=\"3457\">7. Contacte-nos<\/h3><p data-start=\"3459\" data-end=\"3565\">Caso tenha alguma d\u00favida sobre esta Pol\u00edtica de Privacidade ou pretenda exercer os seus direitos, entre em contacto connosco atrav\u00e9s de: www.aguaking.pt\/contact<\/p><\/div><\/div><\/div><\/div><\/div><\/div>\t\t\t\t\t\t\t\t<\/div>\n\t\t\t\t<\/div>\n\t\t\t\t\t<\/div>\n\t\t<\/div>\n\t\t\t\t\t<\/div>\n\t\t<\/section>\n\t\t\t\t<\/div>\n\t\t","protected":false},"excerpt":{"rendered":"<p>Pol\u00edtica de privacidade Este website \u00e9 operado pela Banks, Lda, Portugal. A \u00c1guaKing \u00e9 uma marca operada pela Banks, Lda. Para efeitos da presente Pol\u00edtica de Privacidade, a Banks, Lda \u00e9 a entidade respons\u00e1vel pelo tratamento dos dados e \u00e9 respons\u00e1vel pela recolha e tratamento dos seus dados pessoais. 1. Informa\u00e7\u00f5es que recolhemos Podemos recolher [&hellip;]<\/p>\n","protected":false},"author":1,"featured_media":0,"parent":0,"menu_order":0,"comment_status":"closed","ping_status":"open","template":"","meta":{"footnotes":""},"class_list":["post-3269","page","type-page","status-publish","hentry"],"_links":{"self":[{"href":"https:\/\/www.aguaking.pt\/pt-pt\/wp-json\/wp\/v2\/pages\/3269","targetHints":{"allow":["GET"]}}],"collection":[{"href":"https:\/\/www.aguaking.pt\/pt-pt\/wp-json\/wp\/v2\/pages"}],"about":[{"href":"https:\/\/www.aguaking.pt\/pt-pt\/wp-json\/wp\/v2\/types\/page"}],"author":[{"embeddable":true,"href":"https:\/\/www.aguaking.pt\/pt-pt\/wp-json\/wp\/v2\/users\/1"}],"replies":[{"embeddable":true,"href":"https:\/\/www.aguaking.pt\/pt-pt\/wp-json\/wp\/v2\/comments?post=3269"}],"version-history":[{"count":1,"href":"https:\/\/www.aguaking.pt\/pt-pt\/wp-json\/wp\/v2\/pages\/3269\/revisions"}],"predecessor-version":[{"id":3270,"href":"https:\/\/www.aguaking.pt\/pt-pt\/wp-json\/wp\/v2\/pages\/3269\/revisions\/3270"}],"wp:attachment":[{"href":"https:\/\/www.aguaking.pt\/pt-pt\/wp-json\/wp\/v2\/media?parent=3269"}],"curies":[{"name":"wp","href":"https:\/\/api.w.org\/{rel}","templated":true}]}}