{"id":3271,"date":"2024-11-08T12:08:11","date_gmt":"2024-11-08T11:08:11","guid":{"rendered":"https:\/\/www.aguaking.pt\/politica-de-devolucao\/"},"modified":"2026-03-05T11:55:24","modified_gmt":"2026-03-05T10:55:24","slug":"politica-de-devolucao","status":"publish","type":"page","link":"https:\/\/www.aguaking.pt\/pt-pt\/politica-de-devolucao\/","title":{"rendered":"Pol\u00edtica de devolu\u00e7\u00e3o"},"content":{"rendered":"\t\t<div data-elementor-type=\"wp-page\" data-elementor-id=\"3271\" class=\"elementor elementor-3271 elementor-1852\" data-elementor-post-type=\"page\">\n\t\t\t\t\t\t<section class=\"elementor-section elementor-top-section elementor-element elementor-element-e891539 elementor-section-boxed elementor-section-height-default elementor-section-height-default elementor-invisible\" data-id=\"e891539\" data-element_type=\"section\" data-e-type=\"section\" data-settings=\"{&quot;background_background&quot;:&quot;classic&quot;,&quot;animation&quot;:&quot;fadeInUp&quot;}\">\n\t\t\t\t\t\t\t<div class=\"elementor-background-overlay\"><\/div>\n\t\t\t\t\t\t\t<div class=\"elementor-container elementor-column-gap-default\">\n\t\t\t\t\t<div class=\"elementor-column elementor-col-100 elementor-top-column elementor-element elementor-element-912e662\" data-id=\"912e662\" data-element_type=\"column\" data-e-type=\"column\" data-settings=\"{&quot;background_background&quot;:&quot;classic&quot;}\">\n\t\t\t<div class=\"elementor-widget-wrap elementor-element-populated\">\n\t\t\t\t\t\t<div class=\"elementor-element elementor-element-7e37100 elementor-widget elementor-widget-heading\" data-id=\"7e37100\" data-element_type=\"widget\" data-e-type=\"widget\" data-widget_type=\"heading.default\">\n\t\t\t\t<div class=\"elementor-widget-container\">\n\t\t\t\t\t<h2 class=\"elementor-heading-title elementor-size-default\">Pol\u00edtica de devolu\u00e7\u00e3o<\/h2>\t\t\t\t<\/div>\n\t\t\t\t<\/div>\n\t\t\t\t<div class=\"elementor-element elementor-element-fa43f62 elementor-widget elementor-widget-text-editor\" data-id=\"fa43f62\" data-element_type=\"widget\" data-e-type=\"widget\" data-widget_type=\"text-editor.default\">\n\t\t\t\t<div class=\"elementor-widget-container\">\n\t\t\t\t\t\t\t\t\t<div class=\"page\" title=\"P\u00e1gina 1\"><div class=\"layoutArea\"><div class=\"column\"><div class=\"page\" title=\"P\u00e1gina 1\"><div class=\"layoutArea\"><div class=\"column\"><div><span style=\"color: #292929; font-family: Outfit, sans-serif;\"><b>Garantia de reembolso de 100 dias<\/b><\/span><\/div><div><span style=\"color: #292929; font-family: Outfit, sans-serif;\">Se n\u00e3o notar resultados vis\u00edveis com a instala\u00e7\u00e3o do seu produto \u00c1guaKing nos primeiros 100 dias ap\u00f3s a compra, por favor contacte-nos. Caso n\u00e3o exista outra solu\u00e7\u00e3o, poder\u00e1 devolver o produto e receber\u00e1 o reembolso total (menos os custos de instala\u00e7\u00e3o), desde que o produto n\u00e3o esteja danificado, ainda esteja na embalagem original e possua o comprovativo de compra. <\/span><\/div><div> <\/div><div><strong>O endere\u00e7o para devolu\u00e7\u00e3o do produto ao abrigo da garantia de reembolso de 100 dias \u00e9:<\/strong><br>\u00c1guaKing Portugal<br>Rua de Escola, n.\u00ba 10<br>8100-068<br>Benraffas<br>Loule<\/div><p> <\/p><p><strong>Garantia do fabricante de 5 anos<\/strong><br>Em caso de defeito de fabrico durante os primeiros 5 anos ap\u00f3s a compra, a LifeScience Products Ltd, fabricante dos produtos \u00c1guaKing, garante a substitui\u00e7\u00e3o do produto.<br>O produto deve ser devolvido devidamente embalado e protegido, juntamente com o comprovativo de compra.<\/p><p> <\/p><p><strong>O endere\u00e7o para devolu\u00e7\u00e3o da garantia do fabricante de 5 anos \u00e9:<\/strong><br>Lifescience Products Ltd<\/p><p>Unidade 19, Cheltenham Trade Park<br>Gloucestershire<br>GL51 8LZ<br>Reino Unido<br>Para qualquer d\u00favida relacionada com os itens acima, por favor contacte <span style=\"color: #37bad9;\"><a href=\"mailto:help@aguaking.pt\">help@aguaking.pt.<\/a><\/span><\/p><\/div><\/div><\/div><\/div><\/div><\/div>\t\t\t\t\t\t\t\t<\/div>\n\t\t\t\t<\/div>\n\t\t\t\t\t<\/div>\n\t\t<\/div>\n\t\t\t\t\t<\/div>\n\t\t<\/section>\n\t\t\t\t<\/div>\n\t\t","protected":false},"excerpt":{"rendered":"<p>Pol\u00edtica de devolu\u00e7\u00e3o Garantia de reembolso de 100 diasSe n\u00e3o notar resultados vis\u00edveis com a instala\u00e7\u00e3o do seu produto \u00c1guaKing nos primeiros 100 dias ap\u00f3s a compra, por favor contacte-nos. Caso n\u00e3o exista outra solu\u00e7\u00e3o, poder\u00e1 devolver o produto e receber\u00e1 o reembolso total (menos os custos de instala\u00e7\u00e3o), desde que o produto n\u00e3o esteja [&hellip;]<\/p>\n","protected":false},"author":1,"featured_media":0,"parent":0,"menu_order":0,"comment_status":"closed","ping_status":"closed","template":"","meta":{"footnotes":""},"class_list":["post-3271","page","type-page","status-publish","hentry"],"_links":{"self":[{"href":"https:\/\/www.aguaking.pt\/pt-pt\/wp-json\/wp\/v2\/pages\/3271","targetHints":{"allow":["GET"]}}],"collection":[{"href":"https:\/\/www.aguaking.pt\/pt-pt\/wp-json\/wp\/v2\/pages"}],"about":[{"href":"https:\/\/www.aguaking.pt\/pt-pt\/wp-json\/wp\/v2\/types\/page"}],"author":[{"embeddable":true,"href":"https:\/\/www.aguaking.pt\/pt-pt\/wp-json\/wp\/v2\/users\/1"}],"replies":[{"embeddable":true,"href":"https:\/\/www.aguaking.pt\/pt-pt\/wp-json\/wp\/v2\/comments?post=3271"}],"version-history":[{"count":4,"href":"https:\/\/www.aguaking.pt\/pt-pt\/wp-json\/wp\/v2\/pages\/3271\/revisions"}],"predecessor-version":[{"id":3904,"href":"https:\/\/www.aguaking.pt\/pt-pt\/wp-json\/wp\/v2\/pages\/3271\/revisions\/3904"}],"wp:attachment":[{"href":"https:\/\/www.aguaking.pt\/pt-pt\/wp-json\/wp\/v2\/media?parent=3271"}],"curies":[{"name":"wp","href":"https:\/\/api.w.org\/{rel}","templated":true}]}}