{"id":3273,"date":"2024-11-08T11:31:26","date_gmt":"2024-11-08T10:31:26","guid":{"rendered":"https:\/\/www.aguaking.pt\/politica-de-envio\/"},"modified":"2025-04-17T16:31:56","modified_gmt":"2025-04-17T15:31:56","slug":"politica-de-envio","status":"publish","type":"page","link":"https:\/\/www.aguaking.pt\/pt-pt\/politica-de-envio\/","title":{"rendered":"Pol\u00edtica de envio"},"content":{"rendered":"\t\t<div data-elementor-type=\"wp-page\" data-elementor-id=\"3273\" class=\"elementor elementor-3273 elementor-1846\" data-elementor-post-type=\"page\">\n\t\t\t\t\t\t<section class=\"elementor-section elementor-top-section elementor-element elementor-element-fb749b9 elementor-section-boxed elementor-section-height-default elementor-section-height-default elementor-invisible\" data-id=\"fb749b9\" data-element_type=\"section\" data-e-type=\"section\" data-settings=\"{&quot;background_background&quot;:&quot;classic&quot;,&quot;animation&quot;:&quot;fadeInUp&quot;}\">\n\t\t\t\t\t\t\t<div class=\"elementor-background-overlay\"><\/div>\n\t\t\t\t\t\t\t<div class=\"elementor-container elementor-column-gap-default\">\n\t\t\t\t\t<div class=\"elementor-column elementor-col-100 elementor-top-column elementor-element elementor-element-cdd59f2\" data-id=\"cdd59f2\" data-element_type=\"column\" data-e-type=\"column\" data-settings=\"{&quot;background_background&quot;:&quot;classic&quot;}\">\n\t\t\t<div class=\"elementor-widget-wrap elementor-element-populated\">\n\t\t\t\t\t\t<div class=\"elementor-element elementor-element-ad06073 elementor-widget elementor-widget-heading\" data-id=\"ad06073\" data-element_type=\"widget\" data-e-type=\"widget\" data-widget_type=\"heading.default\">\n\t\t\t\t<div class=\"elementor-widget-container\">\n\t\t\t\t\t<h2 class=\"elementor-heading-title elementor-size-default\">Pol\u00edtica de envio<\/h2>\t\t\t\t<\/div>\n\t\t\t\t<\/div>\n\t\t\t\t<div class=\"elementor-element elementor-element-9274e7e elementor-widget elementor-widget-text-editor\" data-id=\"9274e7e\" data-element_type=\"widget\" data-e-type=\"widget\" data-widget_type=\"text-editor.default\">\n\t\t\t\t<div class=\"elementor-widget-container\">\n\t\t\t\t\t\t\t\t\t<div class=\"page\" title=\"P\u00e1gina 1\"><div class=\"layoutArea\"><div class=\"column\"><div class=\"page\" title=\"P\u00e1gina 1\"><div class=\"layoutArea\"><div class=\"column\"><p><strong>Tempos de processamento<br><\/strong>Os pedidos para entrega direta ao domic\u00edlio s\u00e3o processados \u200b\u200be enviados do nosso centro de distribui\u00e7\u00e3o perto de Loul\u00e9 (8100-068) no Algarve para o nosso parceiro de entrega no prazo de 48 horas.<br>O nosso objetivo \u00e9 que receba a sua compra em 7 a 10 dias.<br>Caso tenha d\u00favidas sobre a sua entrega, por favor contacte-nos atrav\u00e9s do e-mail <a href=\"mailto:help@aguaking.pt\"><span style=\"color: #37bad9;\">help@aguaking.pt.<br><\/span><\/a>Certifique-se de que tem o n\u00famero do seu pedido dispon\u00edvel.<br>Se por algum motivo o produto que encomendou estiver esgotado, iremos inform\u00e1-lo no momento da compra.<\/p><p><strong>Informa\u00e7\u00f5es de envio<br><\/strong>\u00c9 da responsabilidade do comprador fornecer informa\u00e7\u00f5es precisas sobre o endere\u00e7o. N\u00e3o podemos oferecer um reembolso se um pacote for perdido ou n\u00e3o puder ser entregue devido a informa\u00e7\u00f5es incorretas.<br>Se o cliente n\u00e3o estiver dispon\u00edvel no momento da entrega e n\u00e3o levantar a encomenda dentro do prazo (geralmente 5 a 7 dias) especificado na nota de entrega, a \u00c1guaKing n\u00e3o ser\u00e1 respons\u00e1vel e n\u00e3o poder\u00e1 fornecer um reembolso. <\/p><p><strong>Cobran\u00e7as: Diretamente para si<br><\/strong>N\u00e3o existe qualquer custo extra para a entrega do produto diretamente na sua morada para instala\u00e7\u00e3o.<\/p><p><strong>Tarifas: Atrav\u00e9s dos nossos canalizadores<br><\/strong>Apenas se desejar que um dos nossos canalizadores especialistas entregue e instale o produto, ser\u00e1 cobrado o valor da desloca\u00e7\u00e3o e do tempo de instala\u00e7\u00e3o, de acordo com o local onde reside e a quantidade de produtos que pretende instalar. Estas taxas ser\u00e3o previamente acordadas por si atrav\u00e9s de comunica\u00e7\u00e3o da nossa equipa de suporte em <a href=\"mailto:help@aguaking.pt\"><span style=\"color: #37bad9;\">help@aguaking.pt<\/span><\/a> <\/p><\/div><\/div><\/div><\/div><\/div><\/div>\t\t\t\t\t\t\t\t<\/div>\n\t\t\t\t<\/div>\n\t\t\t\t\t<\/div>\n\t\t<\/div>\n\t\t\t\t\t<\/div>\n\t\t<\/section>\n\t\t\t\t<\/div>\n\t\t","protected":false},"excerpt":{"rendered":"<p>Pol\u00edtica de envio Tempos de processamentoOs pedidos para entrega direta ao domic\u00edlio s\u00e3o processados \u200b\u200be enviados do nosso centro de distribui\u00e7\u00e3o perto de Loul\u00e9 (8100-068) no Algarve para o nosso parceiro de entrega no prazo de 48 horas.O nosso objetivo \u00e9 que receba a sua compra em 7 a 10 dias.Caso tenha d\u00favidas sobre a [&hellip;]<\/p>\n","protected":false},"author":1,"featured_media":0,"parent":0,"menu_order":0,"comment_status":"closed","ping_status":"closed","template":"","meta":{"footnotes":""},"class_list":["post-3273","page","type-page","status-publish","hentry"],"_links":{"self":[{"href":"https:\/\/www.aguaking.pt\/pt-pt\/wp-json\/wp\/v2\/pages\/3273","targetHints":{"allow":["GET"]}}],"collection":[{"href":"https:\/\/www.aguaking.pt\/pt-pt\/wp-json\/wp\/v2\/pages"}],"about":[{"href":"https:\/\/www.aguaking.pt\/pt-pt\/wp-json\/wp\/v2\/types\/page"}],"author":[{"embeddable":true,"href":"https:\/\/www.aguaking.pt\/pt-pt\/wp-json\/wp\/v2\/users\/1"}],"replies":[{"embeddable":true,"href":"https:\/\/www.aguaking.pt\/pt-pt\/wp-json\/wp\/v2\/comments?post=3273"}],"version-history":[{"count":1,"href":"https:\/\/www.aguaking.pt\/pt-pt\/wp-json\/wp\/v2\/pages\/3273\/revisions"}],"predecessor-version":[{"id":3274,"href":"https:\/\/www.aguaking.pt\/pt-pt\/wp-json\/wp\/v2\/pages\/3273\/revisions\/3274"}],"wp:attachment":[{"href":"https:\/\/www.aguaking.pt\/pt-pt\/wp-json\/wp\/v2\/media?parent=3273"}],"curies":[{"name":"wp","href":"https:\/\/api.w.org\/{rel}","templated":true}]}}